{"id":4,"date":"2012-05-23T19:54:19","date_gmt":"2012-05-23T19:54:19","guid":{"rendered":"http:\/\/grundejerforeningen-ostergaardsparken.dk\/?page_id=4"},"modified":"2013-03-05T08:47:05","modified_gmt":"2013-03-05T08:47:05","slug":"vedtaegter","status":"publish","type":"page","link":"https:\/\/ostergaardsparken.dk\/?page_id=4","title":{"rendered":"Vedt\u00e6gter"},"content":{"rendered":"<p style=\"text-align: left;\" align=\"center\"><strong><\/strong><span style=\"font-size: small;\"><span style=\"font-family: Times New Roman;\"><strong>Vedt\u00e6gter for \u00d8sterg\u00e5rdsparkens Grundejerforening<\/strong><\/span><\/span><\/p>\n<p><strong><span style=\"font-size: small;\"><span style=\"font-family: Times New Roman;\">\u00a7\u00a0\u00a0 1. Navn:<\/span><\/span><\/strong><\/p>\n<p><span style=\"font-size: small;\"><span style=\"font-family: Times New Roman;\">\u00d8sterg\u00e5rdsparkens Grundejerforening.<\/span><\/span><\/p>\n<p><strong><span style=\"font-size: small;\"><span style=\"font-family: Times New Roman;\">\u00a7\u00a0 2. Omr\u00e5de:<\/span><\/span><\/strong><\/p>\n<p><span style=\"font-size: small;\"><span style=\"font-family: Times New Roman;\">Grundejerforeningens omr\u00e5de er alle parceller, der efter 31. oktober 1972 er udstykket fra f\u00f8lgende matr.nr. 3e, 7e, 14n, 28a, 43f, 49d, samt dele af 7a, og 14a, indenfor omr\u00e5det, der begr\u00e6nses mod vest af \u00d8sterg\u00e5rdsvejens \u00f8stgr\u00e6nse, mod nord af Smedeskovvejens sydgr\u00e6nse, mod \u00f8st af ejerlavsgr\u00e6nsen mod Skovby, samt mod syd af en linie over matr.nr. 14a, 14n, og 28a, Galten by og sogn.<\/span><\/span><\/p>\n<p><span style=\"font-size: small;\"><span style=\"font-family: Times New Roman;\"><strong>\u00a7\u00a0 3. Medlemmer:<\/strong><\/span><\/span><\/p>\n<p><span style=\"font-size: small;\"><span style=\"font-family: Times New Roman;\">Enhver, der har endeligt eller betinget sk\u00f8de p\u00e5 en ejendom udstykket fra de i \u00a72 n\u00e6vnte mart.nr., skal if\u00f8lge omr\u00e5dedeklaration af den 3.8.1973 v\u00e6re medlem.<\/span><\/span><\/p>\n<p><span style=\"font-size: small;\"><span style=\"font-family: Times New Roman;\">Hver parcel har 2 stemmer.<\/span><\/span><\/p>\n<p><span style=\"font-size: small;\"><span style=\"font-family: Times New Roman;\">Medlemmerne er pligtig til at rette sig efter foreningens afg\u00f8relser. Skulle andre \u00f8nske optagelse i foreningen, afg\u00f8res dette ved almindelig generalforsamlingsbeslutning, dog skal en evt. optagelsesbeg\u00e6ring v\u00e6re et selvst\u00e6ndigt punkt p\u00e5 dagsordenen.<\/span><\/span><\/p>\n<p><span style=\"font-size: small;\"><span style=\"font-family: Times New Roman;\"><strong>\u00a7\u00a0 4. Form\u00e5l:<\/strong><\/span><\/span><\/p>\n<p><span style=\"font-size: small;\"><span style=\"font-family: Times New Roman;\">Foreningens form\u00e5l er at varetage medlemmernes interesser og forpligtelser vedr. vej, stier, fortove, f\u00e6llesarealer, kloak, vand og elektriske ledninger, vej og stibelysning, p\u00e5tale m.h.t. deklaration m.v. samt andre f\u00e6lles opgaver af enhver art p\u00e5 det areal, som er omtalt i \u00a72 . Dog ikke udover et bel\u00f8b \u00e5rligt kr. 1.000,00 pr. Parcel som solidarisk h\u00e6ftelse.<\/span><\/span><\/p>\n<p><span style=\"font-size: small;\"><span style=\"font-family: Times New Roman;\"><strong>\u00a7\u00a0 5. Kontingent:<\/strong><\/span><\/span><\/p>\n<p><span style=\"font-size: small;\"><span style=\"font-family: Times New Roman;\">For hver parcel betales til foreningen et \u00e5rligt kontingent, som uden p\u00e5krav skal indbetales til kassereren eller p\u00e5 foreningens bank, eller sparekassekonto med halvdelen af \u00e5rskontingentet hver halv\u00e5r.<\/span><\/span><\/p>\n<p><span style=\"font-size: small;\"><span style=\"font-family: Times New Roman;\">Kontingentets st\u00f8rrelse vedtages hvert \u00e5r p\u00e5 generalforsamlingen eller, s\u00e5fremt situationer taler for det, p\u00e5 en ekstraordin\u00e6r generalforsamling.<\/span><\/span><\/p>\n<p><span style=\"font-size: small;\"><span style=\"font-family: Times New Roman;\">Ved ejerskifte har et udtr\u00e6dende medlem intet krav mod foreningen p\u00e5 tilbagebetaling p\u00e5 nogen del af det af ham erlagte kontingent eller nogen del af foreningens formue. Foreningen er berettiget til, evt. ad retslig vej, hos restanten at opkr\u00e6ve det skyldige bel\u00f8b med till\u00e6g af omkostninger samt renter ved inddrivelsen. <\/span><\/span><\/p>\n<p><span style=\"font-size: small;\"><span style=\"font-family: Times New Roman;\"><strong>\u00a7\u00a0 6. Generalforsamling:<\/strong><\/span><\/span><\/p>\n<p><span style=\"font-size: small;\"><span style=\"font-family: Times New Roman;\">Generalforsamlingen er foreningens h\u00f8jeste myndighed. Enhver generalforsamling, der er indkaldt med lovlig varsel, er, uanset de m\u00f8dtes antal, beslutningsdygtig. Ekstraordin\u00e6r generalforsamling kr\u00e6ver et fremm\u00f8de p\u00e5 35% for at v\u00e6re beslutningsdygtig. S\u00e5fremt der i henhold til ovenn\u00e6vnte ikke er tilstr\u00e6kkeligt antal fremm\u00f8dte medlemmer, uds\u00e6ttes generalforsamlingen og genindkaldes efter normal procedure. Den ny indkaldte generalforsamling er beslutningsdygtig ved almindelig stemmeflertal.<\/span><\/span><\/p>\n<p><span style=\"font-size: small;\"><span style=\"font-family: Times New Roman;\">Ordin\u00e6r generalforsamling skal afholdes hvert \u00e5r inden udgangen af marts m\u00e5ned. Indkaldelse skal ske med mindst 14 dages skriftlig varsel til samtlige parceller (medlemmer). Sager som af medlemmerne \u00f8nskes forlagt for den ordin\u00e6re generalforsamling, m\u00e5, skriftligt eller motiverede, v\u00e6re formanden i h\u00e6nde senest 8 dage f\u00f8r generalforsamlingen. Ekstraordin\u00e6r generalforsamling kan afholdes efter beslutning p\u00e5 en generalforsamling, af bestyrelsen, eller af formanden for bestyrelsen, og skal i s\u00e5 fald indkaldes med mindst 14 dages skriftlig varsel til medlemmerne.<\/span><\/span><\/p>\n<p><span style=\"font-size: small;\"><span style=\"font-family: Times New Roman;\">Endvidere kan ekstraordin\u00e6r generalforsamling indkaldes efter skriftlig motiveret beg\u00e6ring af mindst 10 % af medlemmerne i de beboede parceller, i hvilket tilf\u00e6lde bestyrelsen inden 8 dage efter en s\u00e5dan beg\u00e6rings modtagelse skal indkalde den ekstraordin\u00e6re generalforsamling med 8 dages skriftlig varsel til medlemmerne.<\/span><\/span><\/p>\n<p><span style=\"font-size: small;\"><span style=\"font-family: Times New Roman;\">Der kan i hver afstemning kun afgives 2 stemmer pr. parcel.<\/span><\/span><\/p>\n<p><span style=\"font-size: small;\"><span style=\"font-family: Times New Roman;\"><strong>\u00a7\u00a0 7. Dagsorden:<\/strong><\/span><\/span><\/p>\n<p><span style=\"font-size: small;\"><span style=\"font-family: Times New Roman;\">Den ordin\u00e6re generalforsamlings dagsorden er:<\/span><\/span><\/p>\n<p><span style=\"font-size: small;\"><span style=\"font-family: Times New Roman;\">1.\u00a0\u00a0\u00a0\u00a0\u00a0\u00a0\u00a0\u00a0\u00a0\u00a0\u00a0\u00a0\u00a0\u00a0\u00a0\u00a0\u00a0\u00a0 Valg af dirigent.<\/span><\/span><\/p>\n<p><span style=\"font-size: small;\"><span style=\"font-family: Times New Roman;\">2.\u00a0\u00a0\u00a0\u00a0\u00a0\u00a0\u00a0\u00a0\u00a0\u00a0\u00a0\u00a0\u00a0\u00a0\u00a0\u00a0\u00a0\u00a0 Formandens beretning.<\/span><\/span><\/p>\n<p><span style=\"font-size: small;\"><span style=\"font-family: Times New Roman;\">\u00a0\u00a0\u00a0\u00a0\u00a0\u00a0\u00a0\u00a0\u00a0\u00a0\u00a0 a.\u00a0\u00a0\u00a0\u00a0\u00a0\u00a0\u00a0\u00a0\u00a0\u00a0\u00a0\u00a0\u00a0\u00a0\u00a0\u00a0\u00a0 evt. udvalgsberetninger.<\/span><\/span><\/p>\n<p><span style=\"font-size: small;\"><span style=\"font-family: Times New Roman;\">3.\u00a0\u00a0\u00a0\u00a0\u00a0\u00a0\u00a0\u00a0\u00a0\u00a0\u00a0\u00a0\u00a0\u00a0\u00a0\u00a0\u00a0\u00a0 Indkomne forslag.<\/span><\/span><\/p>\n<p><span style=\"font-size: small;\"><span style=\"font-family: Times New Roman;\">4.\u00a0\u00a0\u00a0\u00a0\u00a0\u00a0\u00a0\u00a0\u00a0\u00a0\u00a0\u00a0\u00a0\u00a0\u00a0\u00a0\u00a0\u00a0 Regnskab og budget \/ herunder fasts\u00e6ttelse af kontingent<\/span><\/span><\/p>\n<p><span style=\"font-size: small;\"><span style=\"font-family: Times New Roman;\">5.\u00a0\u00a0\u00a0\u00a0\u00a0\u00a0\u00a0\u00a0\u00a0\u00a0\u00a0\u00a0\u00a0\u00a0\u00a0\u00a0\u00a0\u00a0 Valg af bestyrelse:<\/span><\/span><\/p>\n<p><span style=\"font-size: small;\"><span style=\"font-family: Times New Roman;\">\u00a0\u00a0\u00a0\u00a0\u00a0\u00a0\u00a0\u00a0\u00a0\u00a0 a.\u00a0\u00a0\u00a0\u00a0\u00a0\u00a0\u00a0\u00a0\u00a0\u00a0\u00a0\u00a0\u00a0\u00a0\u00a0\u00a0\u00a0\u00a0 Formand\u00a0\u00a0\u00a0\u00a0\u00a0\u00a0\u00a0\u00a0\u00a0\u00a0\u00a0\u00a0\u00a0\u00a0\u00a0\u00a0\u00a0\u00a0\u00a0\u00a0\u00a0\u00a0\u00a0\u00a0\u00a0\u00a0\u00a0\u00a0\u00a0\u00a0\u00a0\u00a0\u00a0\u00a0\u00a0\u00a0\u00a0\u00a0\u00a0\u00a0\u00a0\u00a0\u00a0\u00a0\u00a0\u00a0\u00a0\u00a0\u00a0\u00a0\u00a0\u00a0\u00a0\u00a0\u00a0\u00a0\u00a0\u00a0\u00a0\u00a0\u00a0\u00a0\u00a0\u00a0\u00a0\u00a0\u00a0\u00a0\u00a0\u00a0\u00a0 (i lige \u00e5r)<\/span><\/span><\/p>\n<p><span style=\"font-size: small;\"><span style=\"font-family: Times New Roman;\">\u00a0\u00a0\u00a0\u00a0\u00a0\u00a0\u00a0\u00a0\u00a0\u00a0 b.\u00a0\u00a0\u00a0\u00a0\u00a0\u00a0\u00a0\u00a0\u00a0\u00a0\u00a0\u00a0\u00a0\u00a0\u00a0\u00a0\u00a0\u00a0 N\u00e6stformand\u00a0\u00a0\u00a0\u00a0\u00a0\u00a0\u00a0\u00a0\u00a0\u00a0\u00a0\u00a0\u00a0\u00a0\u00a0\u00a0\u00a0\u00a0\u00a0\u00a0\u00a0\u00a0\u00a0\u00a0\u00a0\u00a0\u00a0\u00a0\u00a0\u00a0\u00a0\u00a0\u00a0\u00a0\u00a0\u00a0\u00a0\u00a0\u00a0\u00a0\u00a0\u00a0\u00a0\u00a0\u00a0\u00a0\u00a0\u00a0\u00a0\u00a0\u00a0\u00a0\u00a0\u00a0\u00a0\u00a0\u00a0\u00a0\u00a0\u00a0\u00a0\u00a0\u00a0\u00a0 (i ulige \u00e5r)<\/span><\/span><\/p>\n<p><span style=\"font-size: small;\"><span style=\"font-family: Times New Roman;\">\u00a0\u00a0\u00a0\u00a0\u00a0\u00a0\u00a0\u00a0\u00a0\u00a0 c.\u00a0\u00a0\u00a0\u00a0\u00a0\u00a0\u00a0\u00a0\u00a0\u00a0\u00a0\u00a0\u00a0\u00a0\u00a0\u00a0\u00a0\u00a0 3 bestyrelsesmedlemmer\u00a0\u00a0\u00a0\u00a0\u00a0\u00a0\u00a0\u00a0\u00a0\u00a0\u00a0\u00a0\u00a0\u00a0\u00a0\u00a0\u00a0\u00a0\u00a0\u00a0\u00a0\u00a0\u00a0\u00a0\u00a0\u00a0\u00a0\u00a0\u00a0\u00a0\u00a0\u00a0\u00a0\u00a0\u00a0\u00a0\u00a0\u00a0\u00a0\u00a0\u00a0\u00a0\u00a0\u00a0\u00a0\u00a0\u00a0\u00a0 (i lige \u00e5r)<\/span><\/span><\/p>\n<p><span style=\"font-size: small;\"><span style=\"font-family: Times New Roman;\">\u00a0\u00a0\u00a0\u00a0\u00a0\u00a0\u00a0\u00a0\u00a0\u00a0 d.\u00a0\u00a0\u00a0\u00a0\u00a0\u00a0\u00a0\u00a0\u00a0\u00a0\u00a0\u00a0\u00a0\u00a0\u00a0\u00a0\u00a0\u00a0 Kasserer\u00a0\u00a0\u00a0\u00a0\u00a0\u00a0\u00a0\u00a0\u00a0\u00a0\u00a0\u00a0\u00a0\u00a0\u00a0\u00a0\u00a0\u00a0\u00a0\u00a0\u00a0\u00a0\u00a0\u00a0\u00a0\u00a0\u00a0\u00a0\u00a0\u00a0\u00a0\u00a0\u00a0\u00a0\u00a0\u00a0\u00a0\u00a0\u00a0\u00a0\u00a0\u00a0\u00a0\u00a0\u00a0\u00a0\u00a0\u00a0\u00a0\u00a0\u00a0\u00a0\u00a0\u00a0\u00a0\u00a0\u00a0\u00a0\u00a0\u00a0\u00a0\u00a0\u00a0\u00a0\u00a0\u00a0\u00a0\u00a0\u00a0\u00a0\u00a0 (i ulige \u00e5r)<\/span><\/span><\/p>\n<p><span style=\"font-size: small;\"><span style=\"font-family: Times New Roman;\">\u00a0\u00a0\u00a0\u00a0\u00a0\u00a0\u00a0\u00a0\u00a0\u00a0 e.\u00a0\u00a0\u00a0\u00a0\u00a0\u00a0\u00a0\u00a0\u00a0\u00a0\u00a0\u00a0\u00a0\u00a0\u00a0\u00a0\u00a0\u00a0 2 suppleanter.<\/span><\/span><\/p>\n<p><span style=\"font-size: small;\"><span style=\"font-family: Times New Roman;\">6.\u00a0\u00a0\u00a0\u00a0\u00a0\u00a0\u00a0\u00a0\u00a0\u00a0\u00a0\u00a0\u00a0\u00a0\u00a0\u00a0\u00a0\u00a0 Valg af to revisorer og 1 revisorsuppleant.\u00a0 ( 1 i lige \u00e5r, 1 i ulige \u00e5r)<\/span><\/span><\/p>\n<p><span style=\"font-size: small;\"><span style=\"font-family: Times New Roman;\">7.\u00a0\u00a0\u00a0\u00a0\u00a0\u00a0\u00a0\u00a0\u00a0\u00a0\u00a0\u00a0\u00a0\u00a0\u00a0\u00a0\u00a0\u00a0 Valg til eventuelle underudvalg.<\/span><\/span><\/p>\n<p><span style=\"font-family: Times New Roman;\"><span style=\"font-size: small;\">8. <\/span>\u00a0 <span style=\"font-size: small;\">Eventuelt.<\/span><\/span><\/p>\n<p><span style=\"font-size: small;\"><span style=\"font-family: Times New Roman;\">P\u00e5 enhver generalforsamling v\u00e6lges en dirigent ved simpelt stemmeflertal, der leder forhandlingerne og afg\u00f8r alle proceduresp\u00f8rgsm\u00e5l.<\/span><\/span><\/p>\n<p><span style=\"font-size: small;\"><span style=\"font-family: Times New Roman;\">Der skal over forhandlingerne optages protokoludkast, og senest 3 dage efter skal protokollen forel\u00e6gges m\u00f8dets dirigent og formanden til underskrift. Referatet uddeles til alle parceller.<\/span><\/span><\/p>\n<p><span style=\"font-size: small;\"><span style=\"font-family: Times New Roman;\">Afstemningen foretages ved h\u00e5ndsopr\u00e6kning, med mindre skriftlig afstemning forlanges af 1\/5 af de tilstedev\u00e6rende medlemmer, dog skal valg til bestyrelsen under dagsordenens punkt 6 altid v\u00e6re skriftlig.<\/span><\/span><\/p>\n<p><span style=\"font-size: small;\"><span style=\"font-family: Times New Roman;\">Hver parcel repr\u00e6senterer 2 stemmer, dog har ejere af flere parceller kun 2 stemmer i alt. P\u00e5 enhver generalforsamling afg\u00f8res de forelagte\u00a0 sager ved simpelt stemmeflertal. Til vedtagelse af vedt\u00e6gts\u00e6ndringer kr\u00e6ves dog mindst 2\/3 af de tilstedev\u00e6rende medlemmers stemmer.<\/span><\/span><\/p>\n<p><span style=\"font-size: small;\"><span style=\"font-family: Times New Roman;\"><strong>\u00a7\u00a0 8. Bestyrelsen:<\/strong><\/span><\/span><\/p>\n<p><span style=\"font-size: small;\"><span style=\"font-family: Times New Roman;\">P\u00e5 generalforsamlingen v\u00e6lges en bestyrelse, der best\u00e5r af 6 medlemmer, desuden 2 suppleanter.<\/span><\/span><\/p>\n<p><span style=\"font-size: small;\"><span style=\"font-family: Times New Roman;\">\u00c6gtepar og s\u00f8skende kan ikke samtidig sidde i bestyrelsen.<\/span><\/span><\/p>\n<p><span style=\"font-size: small;\"><span style=\"font-family: Times New Roman;\">Valgperioden er 2 \u00e5r. Genvalg kan finde sted, ogs\u00e5 af ikke tilstedev\u00e6rende, n\u00e5r skriftlig tilsagn foreligger fra disse. Intet medlem er forpligtet til at modtage genvalg.<\/span><\/span><\/p>\n<p><span style=\"font-size: small;\"><span style=\"font-family: Times New Roman;\">Valg finder sted i henhold til \u00a7 7, stk. 5.<\/span><\/span><\/p>\n<p><span style=\"font-size: small;\"><span style=\"font-family: Times New Roman;\">I tilf\u00e6lde af formandens afgang i den indvalgte periode afl\u00f8ser n\u00e6stformanden p\u00e5 formandsposten. Efter indkaldelse af suppleanten omkonstituerer bestyrelsen sig, s\u00e5ledes at suppleanten ikke automatisk inds\u00e6ttes som n\u00e6stformand.<\/span><\/span><\/p>\n<p><span style=\"font-size: small;\"><span style=\"font-family: Times New Roman;\">I tilf\u00e6lde af n\u00e6stformandens eller et af de \u00f8vrige bestyrelsesmedlemmers afgang omkonstituere bestyrelsen sig efter indkaldelse af suppleanten, dog s\u00e5ledes at formanden bliver p\u00e5 sin post.<\/span><\/span><\/p>\n<p><span style=\"font-size: small;\"><span style=\"font-family: Times New Roman;\">I underudvalgene skal der sidde mindst en repr\u00e6sentant fra bestyrelsen. Mellem generalforsamlingerne udf\u00f8rer bestyrelsen foreningens forretninger i overensstemmelse med generalforsamlingens vedtagelse.<\/span><\/span><\/p>\n<p><span style=\"font-size: small;\"><span style=\"font-family: Times New Roman;\">Bestyrelsens afg\u00f8relser tr\u00e6ffes ved simpel stemmeflertal. I tilf\u00e6lde af stemmelighed er formandens stemme afg\u00f8rende.<\/span><\/span><\/p>\n<p><span style=\"font-size: small;\"><span style=\"font-family: Times New Roman;\">Bestyrelsen er beslutningsdygtig, n\u00e5r mindst 4 af dens medlemmer er m\u00f8dt. Bestyrelsen kan ikke forpligte foreningen \u00f8konomisk for et bel\u00f8b ud over foreningens formue med et till\u00e6g p\u00e5 et \u00e5rs fremtidig kontingent med mindre der er s\u00e6rskilt bemyndiget p\u00e5 en generalforsamling.<\/span><\/span><\/p>\n<p><span style=\"font-size: small;\"><span style=\"font-family: Times New Roman;\">Formanden indkalder til og leder bestyrelsens m\u00f8der.<\/span><\/span><\/p>\n<p><span style=\"font-size: small;\"><span style=\"font-family: Times New Roman;\">Endvidere kan et flertal af bestyrelsen forlange indkaldt til bestyrelsesm\u00f8de.<\/span><\/span><\/p>\n<p><span style=\"font-size: small;\"><span style=\"font-family: Times New Roman;\">Formanden f\u00f8rer ogs\u00e5 forhandlinger p\u00e5 foreningens vegne, evt. bist\u00e5et af bestyrelsens eller andre medlemmer af foreningen. N\u00e6stformanden holdes orienteret om foreningens l\u00f8bende forretninger, s\u00e5 han i stedet for formanden i p\u00e5kr\u00e6vede tilf\u00e6lde kan tr\u00e6de i dennes sted.<\/span><\/span><\/p>\n<p><span style=\"font-size: small;\"><span style=\"font-family: Times New Roman;\">Kassereren indkasserer kontingentet p\u00e5 den af generalforsamlingen vedtagne m\u00e5de.<\/span><\/span><\/p>\n<p><span style=\"font-size: small;\"><span style=\"font-family: Times New Roman;\">Kassereren f\u00f8rer et n\u00f8je regnskab over foreningens \u00f8konomiske virksomhed, s\u00e5 der kan forel\u00e6gges et regnskab for generalforsamlingen. Alle udbetalinger skal anvises ved p\u00e5tegning af formanden. Formanden og kassereren er i f\u00e6llesskab berettiget til at h\u00e6ve p\u00e5 foreningens bank eller sparekassekonto, hvorp\u00e5 ethvert bel\u00f8b, som kassen m\u00e5tte indeholde udover kr. 300,00 skal inds\u00e6ttes. Pengeanbringelse skal f\u00f8lge garantiordningen til enhver tid, s\u00e5 foreningens midler ikke g\u00e5r tabt ved evt. krak.<\/span><\/span><\/p>\n<p><span style=\"font-size: small;\"><span style=\"font-family: Times New Roman;\">Kassereren skal f\u00f8re n\u00f8jagtig medlemsfortegnelse, som kan udg\u00f8re bilag over foreningens kontingentindt\u00e6gter. Sekret\u00e6ren f\u00f8rer efter formandens og bestyrelsen direktiver foreningens korrespondance og drager omsorg for at samle dokumenter vedr\u00f8rende sager, der er f\u00e6rdigbehandlet.<\/span><\/span><\/p>\n<p><span style=\"font-size: small;\"><span style=\"font-family: Times New Roman;\">Sekret\u00e6ren f\u00f8rer en forhandlingsbog over afholdte m\u00f8der, bestyrelsesm\u00f8der og generalforsamlingen. Formanden og 2 af bestyrelsen valgte bestyrelsesmedlemmer bemyndiges til i forening at give forpligtende underskrifter i de af generalforsamlingen og i lovene vedtagne retshandlinger.<\/span><\/span><\/p>\n<p><span style=\"font-size: small;\"><span style=\"font-family: Times New Roman;\"><strong>\u00a7\u00a0\u00a0 9. Revision:<\/strong><\/span><\/span><\/p>\n<p><span style=\"font-size: small;\"><span style=\"font-family: Times New Roman;\">Uden for bestyrelsen v\u00e6lges af den ordin\u00e6re\u00a0 generalforsamling blandt foreningens medlemmer 2 revisorer samt 1 suppleant til at foretage revision af foreningens regnskaber.<\/span><\/span><\/p>\n<p><span style=\"font-size: small;\"><span style=\"font-family: Times New Roman;\">Revisorerne v\u00e6lges for to \u00e5r af gangen, dog s\u00e5ledes, at den ene er p\u00e5 valg i ulige \u00e5r og den anden i lige \u00e5r.<\/span><\/span><\/p>\n<p><span style=\"font-size: small;\"><span style=\"font-family: Times New Roman;\">Revisorer kan genv\u00e6lges.<\/span><\/span><\/p>\n<p><span style=\"font-size: small;\"><span style=\"font-family: Times New Roman;\">Revisorerne er berettiget til n\u00e5r som helst at foretage revision og gennemsyn af foreningens konti, regnskab og status og er forpligtet til at foretage et s\u00e5dant eftersyn, n\u00e5r det er forlangt af kassereren.<\/span><\/span><\/p>\n<p><span style=\"font-size: small;\"><span style=\"font-family: Times New Roman;\">Findes regnskabet og beholdningen i orden, giver revisorerne regnskaberne p\u00e5tegning herom. Kan regnskaberne derimod ikke godkendes, skal formanden og den \u00f8vrige bestyrelse straks underrettes.<\/span><\/span><\/p>\n<p><span style=\"font-size: small;\"><span style=\"font-family: Times New Roman;\">Revisorerne er berettigede til, for foreningens egen regning, at s\u00f8ge sagkyndig bistand.<\/span><\/span><\/p>\n<p><span style=\"font-size: small;\"><span style=\"font-family: Times New Roman;\">Foreningens regnskabs\u00e5r l\u00f8ber fra den 1. januar til 31. december. Det reviderede regnskab skal udsendes til medlemmernes gennemsyn samtidig med indkaldelse til generalforsamling.<\/span><\/span><\/p>\n<p><span style=\"font-size: small;\"><span style=\"font-family: Times New Roman;\"><strong>\u00a7 10. Medlemmernes pligter:<\/strong><\/span><\/span><\/p>\n<p><span style=\"font-size: small;\"><span style=\"font-family: Times New Roman;\">Grundejernes pligter er i henhold til Galten Kommunes Partiel byplanvedt\u00e6gt nr. 1, samt politivedt\u00e6gten.<\/span><\/span><\/p>\n<p><span style=\"font-size: small;\"><span style=\"font-family: Times New Roman;\">Eventuelle senere \u00e6ndringer af n\u00e6rv\u00e6rende vedt\u00e6gt skal meddeles Galten byr\u00e5d som orientering.<\/span><\/span><\/p>\n<p><strong><em><span style=\"font-size: small;\"><span style=\"font-family: Times New Roman;\">Vedt\u00e6gterne er vedtaget ved stiftende generalforsamling, den 15. december 1976.<\/span><\/span><\/em><\/strong><\/p>\n<p><strong><em><span style=\"font-size: small;\"><span style=\"font-family: Times New Roman;\">Vedt\u00e6gterne er revideret den 22 marts 1993.<\/span><\/span><\/em><\/strong><\/p>\n","protected":false},"excerpt":{"rendered":"<p>Vedt\u00e6gter for \u00d8sterg\u00e5rdsparkens Grundejerforening \u00a7\u00a0\u00a0 1. Navn: \u00d8sterg\u00e5rdsparkens Grundejerforening. \u00a7\u00a0 2. Omr\u00e5de: Grundejerforeningens omr\u00e5de er alle parceller, der efter 31. oktober 1972 er udstykket fra f\u00f8lgende matr.nr. 3e, 7e, 14n, 28a, 43f, 49d, samt dele af 7a, og 14a, indenfor omr\u00e5det, der begr\u00e6nses mod vest af \u00d8sterg\u00e5rdsvejens \u00f8stgr\u00e6nse, mod nord af Smedeskovvejens sydgr\u00e6nse, mod \u00f8st &hellip; <a href=\"https:\/\/ostergaardsparken.dk\/?page_id=4\" class=\"more-link\">L\u00e6s videre<span class=\"screen-reader-text\"> &#8220;Vedt\u00e6gter&#8221;<\/span><\/a><\/p>\n","protected":false},"author":11,"featured_media":0,"parent":0,"menu_order":0,"comment_status":"open","ping_status":"open","template":"","meta":{"footnotes":""},"class_list":["post-4","page","type-page","status-publish","hentry"],"_links":{"self":[{"href":"https:\/\/ostergaardsparken.dk\/index.php?rest_route=\/wp\/v2\/pages\/4","targetHints":{"allow":["GET"]}}],"collection":[{"href":"https:\/\/ostergaardsparken.dk\/index.php?rest_route=\/wp\/v2\/pages"}],"about":[{"href":"https:\/\/ostergaardsparken.dk\/index.php?rest_route=\/wp\/v2\/types\/page"}],"author":[{"embeddable":true,"href":"https:\/\/ostergaardsparken.dk\/index.php?rest_route=\/wp\/v2\/users\/11"}],"replies":[{"embeddable":true,"href":"https:\/\/ostergaardsparken.dk\/index.php?rest_route=%2Fwp%2Fv2%2Fcomments&post=4"}],"version-history":[{"count":3,"href":"https:\/\/ostergaardsparken.dk\/index.php?rest_route=\/wp\/v2\/pages\/4\/revisions"}],"predecessor-version":[{"id":23,"href":"https:\/\/ostergaardsparken.dk\/index.php?rest_route=\/wp\/v2\/pages\/4\/revisions\/23"}],"wp:attachment":[{"href":"https:\/\/ostergaardsparken.dk\/index.php?rest_route=%2Fwp%2Fv2%2Fmedia&parent=4"}],"curies":[{"name":"wp","href":"https:\/\/api.w.org\/{rel}","templated":true}]}}